{"id":14,"date":"2022-02-21T12:26:18","date_gmt":"2022-02-21T11:26:18","guid":{"rendered":"https:\/\/xn--berwachungsgemeinschaft-bpc.live-website.com\/?page_id=14"},"modified":"2025-05-05T14:36:08","modified_gmt":"2025-05-05T13:36:08","slug":"datenschutz","status":"publish","type":"page","link":"https:\/\/feuerschutztueren.com\/?page_id=14","title":{"rendered":"Datenschutz"},"content":{"rendered":"\t\t<div data-elementor-type=\"wp-page\" data-elementor-id=\"14\" class=\"elementor elementor-14\" data-elementor-settings=\"{&quot;ha_cmc_init_switcher&quot;:&quot;no&quot;}\">\n\t\t\t\t\t\t<section class=\"has_eae_slider elementor-section elementor-top-section elementor-element elementor-element-9bd15e8 elementor-section-boxed elementor-section-height-default elementor-section-height-default\" data-eae-slider=\"88622\" data-id=\"9bd15e8\" data-element_type=\"section\" data-e-type=\"section\" data-settings=\"{&quot;_ha_eqh_enable&quot;:false}\">\n\t\t\t\t\t\t<div class=\"elementor-container elementor-column-gap-default\">\n\t\t\t\t\t<div class=\"has_eae_slider elementor-column elementor-col-33 elementor-top-column elementor-element elementor-element-e42b1de\" data-eae-slider=\"86575\" data-id=\"e42b1de\" data-element_type=\"column\" data-e-type=\"column\">\n\t\t\t<div class=\"elementor-widget-wrap elementor-element-populated\">\n\t\t\t\t\t\t<div class=\"elementor-element elementor-element-ff7c909 elementor-widget elementor-widget-image\" data-id=\"ff7c909\" data-element_type=\"widget\" data-e-type=\"widget\" data-widget_type=\"image.default\">\n\t\t\t\t<div class=\"elementor-widget-container\">\n\t\t\t\t\t\t\t\t\t\t\t\t\t\t\t<img decoding=\"async\" width=\"84\" height=\"70\" src=\"https:\/\/feuerschutztueren.com\/wp-content\/uploads\/2022\/02\/523.jpg\" class=\"attachment-large size-large wp-image-71\" alt=\"\" \/>\t\t\t\t\t\t\t\t\t\t\t\t\t\t\t<\/div>\n\t\t\t\t<\/div>\n\t\t\t\t\t<\/div>\n\t\t<\/div>\n\t\t\t\t<div class=\"has_eae_slider elementor-column elementor-col-66 elementor-top-column elementor-element elementor-element-0ccc7a7\" data-eae-slider=\"58427\" data-id=\"0ccc7a7\" data-element_type=\"column\" data-e-type=\"column\">\n\t\t\t<div class=\"elementor-widget-wrap elementor-element-populated\">\n\t\t\t\t\t\t<div class=\"elementor-element elementor-element-6428963 elementor-widget elementor-widget-text-editor\" data-id=\"6428963\" data-element_type=\"widget\" data-e-type=\"widget\" data-widget_type=\"text-editor.default\">\n\t\t\t\t<div class=\"elementor-widget-container\">\n\t\t\t\t\t\t\t\t\t<h5 class=\"xr_tl Heading_1 xr_s10\"><span class=\"Heading_1 xr_s11\">VERORDNUNG (EU) 2016\/679 DES EUROP\u00c4ISCHEN PARLAMENTS UND DES RATES\u00a0<\/span><\/h5><h5 class=\"xr_tl Heading_2 xr_s11\">(Datenschutz-Grundverordnung)<\/h5>\t\t\t\t\t\t\t\t<\/div>\n\t\t\t\t<\/div>\n\t\t\t\t<div class=\"elementor-element elementor-element-689d0f1 elementor-widget elementor-widget-text-editor\" data-id=\"689d0f1\" data-element_type=\"widget\" data-e-type=\"widget\" data-widget_type=\"text-editor.default\">\n\t\t\t\t<div class=\"elementor-widget-container\">\n\t\t\t\t\t\t\t\t\t<h5 class=\"xr_tl Heading_2 xr_s23\"><strong>DATENSCHUTZERKL\u00c4RUNG<\/strong><\/h5>\t\t\t\t\t\t\t\t<\/div>\n\t\t\t\t<\/div>\n\t\t\t\t\t<\/div>\n\t\t<\/div>\n\t\t\t\t\t<\/div>\n\t\t<\/section>\n\t\t\t\t<section class=\"has_eae_slider elementor-section elementor-top-section elementor-element elementor-element-73ce629 elementor-section-boxed elementor-section-height-default elementor-section-height-default\" data-eae-slider=\"67006\" data-id=\"73ce629\" data-element_type=\"section\" data-e-type=\"section\" data-settings=\"{&quot;_ha_eqh_enable&quot;:false}\">\n\t\t\t\t\t\t<div class=\"elementor-container elementor-column-gap-default\">\n\t\t\t\t\t<div class=\"has_eae_slider elementor-column elementor-col-100 elementor-top-column elementor-element elementor-element-883cf4f\" data-eae-slider=\"59145\" data-id=\"883cf4f\" data-element_type=\"column\" data-e-type=\"column\">\n\t\t\t<div class=\"elementor-widget-wrap elementor-element-populated\">\n\t\t\t\t\t\t<div class=\"elementor-element elementor-element-da78d0b elementor-widget elementor-widget-text-editor\" data-id=\"da78d0b\" data-element_type=\"widget\" data-e-type=\"widget\" data-widget_type=\"text-editor.default\">\n\t\t\t\t<div class=\"elementor-widget-container\">\n\t\t\t\t\t\t\t\t\t<p><span class=\"xr_tl Normal_Text xr_s22\">Der Datenschutz hat einen hohen Stellenwert bei der Leistungserstellung der \u00dcberwachungsgemeinschaften [im folgenden \u00dcG].<\/span><span class=\"xr_tl Normal_Text xr_s22\">Die Wahrung von Pers\u00f6nlichkeitsrechten und die Einhaltung gesetzlicher Bestimmungen zum Datenschutz sind wesentliche Bestandteile unserer <\/span><span class=\"xr_tl Normal_Text xr_s22\">Unternehmensphilosophie.<\/span><span class=\"xr_tl Normal_Text xr_s22\">Eine Nutzung der Internetseiten der \u00dcG ist grunds\u00e4tzlich ohne jede Angabe personenbezogener Daten m\u00f6glich. Sofern eine betroffene Person <\/span><span class=\"xr_tl Normal_Text xr_s22\">besondere Services unseres Unternehmens \u00fcber unsere Internetseite in Anspruch nehmen m\u00f6chte, k\u00f6nnte jedoch eine Verarbeitung <\/span><span class=\"xr_tl Normal_Text xr_s22\">personenbezogener Daten erforderlich werden. Ist die Verarbeitung personenbezogener Daten erforderlich und besteht f\u00fcr eine solche <\/span><span class=\"xr_tl Normal_Text xr_s22\">Verarbeitung keine gesetzliche Grundlage, holen wir generell eine Einwilligung der betroffenen Person ein.<\/span><span class=\"xr_tl Normal_Text xr_s22\">Die Verarbeitung personenbezogener Daten, beispielsweise des Namens, der Anschrift, E-Mail-Adresse oder Telefonnummer einer betroffenen <\/span><span class=\"xr_tl Normal_Text xr_s22\">Person, erfolgt stets im Einklang mit der Datenschutz-Grundverordnung (DSGVO) und in \u00dcbereinstimmung mit den f\u00fcr die \u00dcG geltenden <\/span><span class=\"xr_tl Normal_Text xr_s22\">landesspezifischen Datenschutzbestimmungen. Mittels dieser Datenschutzerkl\u00e4rung m\u00f6chte unser Unternehmen die \u00d6ffentlichkeit \u00fcber Art, <\/span><span class=\"xr_tl Normal_Text xr_s22\">Umfang und Zweck der von uns erhobenen, genutzten und verarbeiteten personenbezogenen Daten informieren. Ferner werden betroffene <\/span><span class=\"xr_tl Normal_Text xr_s22\">Personen mittels dieser Datenschutzerkl\u00e4rung \u00fcber die ihnen zustehenden Rechte aufgekl\u00e4rt.<\/span><span class=\"xr_tl Normal_Text xr_s22\">Die \u00dcG hat als f\u00fcr die Verarbeitung Verantwortlicher zahlreiche technische und organisatorische Ma\u00dfnahmen umgesetzt, um einen m\u00f6glichst <\/span><span class=\"xr_tl Normal_Text xr_s22\">l\u00fcckenlosen Schutz der \u00fcber diese Internetseite verarbeiteten personenbezogenen Daten sicherzustellen. Dennoch k\u00f6nnen Internetbasierte <\/span><span class=\"xr_tl Normal_Text xr_s22\">Daten\u00fcbertragungen grunds\u00e4tzlich Sicherheitsl\u00fccken aufweisen, sodass ein absoluter Schutz nicht gew\u00e4hrleistet werden kann. Aus diesem Grund <\/span><span class=\"xr_tl Normal_Text xr_s22\">steht es jeder betroffenen Person frei, personenbezogene Daten auch auf alternativen Wegen, beispielsweise telefonisch, an uns zu \u00fcbermitteln.<\/span><\/p>\t\t\t\t\t\t\t\t<\/div>\n\t\t\t\t<\/div>\n\t\t\t\t<div class=\"elementor-element elementor-element-b045415 elementor-widget elementor-widget-text-editor\" data-id=\"b045415\" data-element_type=\"widget\" data-e-type=\"widget\" data-widget_type=\"text-editor.default\">\n\t\t\t\t<div class=\"elementor-widget-container\">\n\t\t\t\t\t\t\t\t\t<p><strong><span class=\"xr_tl Normal_Text xr_s24\">Begriffsbestimmungen<\/span><\/strong><\/p>\t\t\t\t\t\t\t\t<\/div>\n\t\t\t\t<\/div>\n\t\t\t\t<div class=\"elementor-element elementor-element-f235ce4 elementor-widget elementor-widget-text-editor\" data-id=\"f235ce4\" data-element_type=\"widget\" data-e-type=\"widget\" data-widget_type=\"text-editor.default\">\n\t\t\t\t<div class=\"elementor-widget-container\">\n\t\t\t\t\t\t\t\t\t<p><span class=\"xr_tl Normal_Text xr_s22\">Die Datenschutzerkl\u00e4rung der \u00dcG beruht auf den Begrifflichkeiten, die durch den Europ\u00e4ischen Richtlinien- und Verordnungsgeber in Art. 4 DSGVO <\/span><span class=\"xr_tl Normal_Text xr_s22\">definiert wurden.<\/span><\/p>\t\t\t\t\t\t\t\t<\/div>\n\t\t\t\t<\/div>\n\t\t\t\t<div class=\"elementor-element elementor-element-fbb912a elementor-widget elementor-widget-text-editor\" data-id=\"fbb912a\" data-element_type=\"widget\" data-e-type=\"widget\" data-widget_type=\"text-editor.default\">\n\t\t\t\t<div class=\"elementor-widget-container\">\n\t\t\t\t\t\t\t\t\t<p><strong>Hinweis zur verantwortlichen Stelle<\/strong><\/p>\t\t\t\t\t\t\t\t<\/div>\n\t\t\t\t<\/div>\n\t\t\t\t<div class=\"elementor-element elementor-element-91e1621 elementor-widget elementor-widget-text-editor\" data-id=\"91e1621\" data-element_type=\"widget\" data-e-type=\"widget\" data-widget_type=\"text-editor.default\">\n\t\t\t\t<div class=\"elementor-widget-container\">\n\t\t\t\t\t\t\t\t\t<p><span class=\"xr_tl Normal_Text xr_s22\">Die verantwortliche Stelle f\u00fcr die Datenverarbeitung auf dieser Website ist:<\/span><\/p><p><span class=\"xr_tl Normal_Text xr_s22\">\u00dcG Niedersachsen Bremen Sachsen-Anhalt\u00a0<\/span><span class=\"xr_tl Normal_Text xr_s22\">e.V.<\/span><\/p><p>Herr Jens Bastam<br \/>Heidering 29<br \/>30625 Hannover<\/p><p><span class=\"xr_tl Normal_Text xr_s22\">E-Mail: info@feuerschutztueren.com<\/span><\/p>\t\t\t\t\t\t\t\t<\/div>\n\t\t\t\t<\/div>\n\t\t\t\t<div class=\"elementor-element elementor-element-ed74035 elementor-widget elementor-widget-text-editor\" data-id=\"ed74035\" data-element_type=\"widget\" data-e-type=\"widget\" data-widget_type=\"text-editor.default\">\n\t\t\t\t<div class=\"elementor-widget-container\">\n\t\t\t\t\t\t\t\t\t<p><strong>Erfassung von Daten und Informationen<\/strong><\/p>\t\t\t\t\t\t\t\t<\/div>\n\t\t\t\t<\/div>\n\t\t\t\t<div class=\"elementor-element elementor-element-23486c4 elementor-widget elementor-widget-text-editor\" data-id=\"23486c4\" data-element_type=\"widget\" data-e-type=\"widget\" data-widget_type=\"text-editor.default\">\n\t\t\t\t<div class=\"elementor-widget-container\">\n\t\t\t\t\t\t\t\t\t<p><span class=\"xr_tl Normal_Text xr_s22\">Die Internetseite der \u00dcG erfasst mit jedem Aufruf der Internetseite durch eine betroffene Person oder ein automatisiertes System eine Reihe von <\/span><span class=\"xr_tl Normal_Text xr_s22\">allgemeinen Daten und Informationen. Diese allgemeinen Daten und Informationen werden in den Logfiles des Servers gespeichert. Erfasst werden <\/span><span class=\"xr_tl Normal_Text xr_s22\">k\u00f6nnen (1) die verwendeten Browsertypen und Versionen, (2) das vom zugreifenden System verwendete Betriebssystem, (3) die Internetseite, von <\/span><span class=\"xr_tl Normal_Text xr_s22\">welcher ein zugreifendes System auf unsere Internetseite gelangt (sogenannte Referrer), (4) die Unterwebseiten, welche \u00fcber ein zugreifendes <\/span><span class=\"xr_tl Normal_Text xr_s22\">System auf unserer Internetseite angesteuert werden, (5) das Datum und die Uhrzeit eines Zugriffs auf die Internetseite, (6) eine Internet-Protokoll-<\/span><span class=\"xr_tl Normal_Text xr_s22\">Adresse (IP-Adresse), (7) der Internet-Service-Provider des zugreifenden Systems und (8) sonstige \u00e4hnliche Daten und Informationen, die der <\/span><span class=\"xr_tl Normal_Text xr_s22\">Gefahrenabwehr im Falle von Angriffen auf unsere informationstechnologischen Systeme dienen.<\/span><span class=\"xr_tl Normal_Text xr_s22\">Bei der Nutzung dieser allgemeinen Daten und Informationen zieht die \u00dcG keine R\u00fcckschl\u00fcsse auf die betroffene Person. Diese Informationen <\/span><span class=\"xr_tl Normal_Text xr_s22\">werden vielmehr ben\u00f6tigt, um (1) die Inhalte unserer Internetseite korrekt auszuliefern, (2) die Inhalte unserer Internetseite sowie die Werbung f\u00fcr <\/span><span class=\"xr_tl Normal_Text xr_s22\">diese zu optimieren, (3) die dauerhafte Funktionsf\u00e4higkeit unserer informationstechnologischen Systeme und der Technik unserer Internetseite zu <\/span><span class=\"xr_tl Normal_Text xr_s22\">gew\u00e4hrleisten sowie (4) um Strafverfolgungsbeh\u00f6rden im Falle eines Cyberangriffes die zur Strafverfolgung notwendigen Informationen <\/span><span class=\"xr_tl Normal_Text xr_s22\">bereitzustellen. <\/span><\/p>\t\t\t\t\t\t\t\t<\/div>\n\t\t\t\t<\/div>\n\t\t\t\t<div class=\"elementor-element elementor-element-d0dd426 elementor-widget elementor-widget-text-editor\" data-id=\"d0dd426\" data-element_type=\"widget\" data-e-type=\"widget\" data-widget_type=\"text-editor.default\">\n\t\t\t\t<div class=\"elementor-widget-container\">\n\t\t\t\t\t\t\t\t\t<p><strong>Rechte der Nutzer (betroffenen Personen)<\/strong><\/p>\t\t\t\t\t\t\t\t<\/div>\n\t\t\t\t<\/div>\n\t\t\t\t<div class=\"elementor-element elementor-element-f01f3eb elementor-widget elementor-widget-text-editor\" data-id=\"f01f3eb\" data-element_type=\"widget\" data-e-type=\"widget\" data-widget_type=\"text-editor.default\">\n\t\t\t\t<div class=\"elementor-widget-container\">\n\t\t\t\t\t\t\t\t\t<p><span class=\"xr_tl Normal_Text xr_s22\">Sie haben folgende Rechte:<\/span><\/p><p><span class=\"xr_tl Normal_Text xr_s22\">Auskunft: <\/span><\/p><p><span class=\"xr_tl Normal_Text xr_s22\">Sie haben das Recht, eine Best\u00e4tigung dar\u00fcber zu verlangen, ob Sie betreffende personenbezogene Daten verarbeitet werden; ist dies der Fall, so <\/span><span class=\"xr_tl Normal_Text xr_s22\">haben Sie ein Recht auf Auskunft \u00fcber diese personenbezogenen Daten und auf die in Art. 15 DS-GVO im einzelnen aufgef\u00fchrten Informationen.<\/span><span class=\"xr_tl Normal_Text xr_s22\">Berichtigung: <\/span><span class=\"xr_tl Normal_Text xr_s22\">Sie haben das Recht, unverz\u00fcglich die Berichtigung Sie betreffender unrichtiger personenbezogener Daten und ggf. die Vervollst\u00e4ndigung <\/span><span class=\"xr_tl Normal_Text xr_s22\">unvollst\u00e4ndiger personenbezogener Daten zu verlangen (Art. 16 DSGVO).<\/span><\/p><p><span class=\"xr_tl Normal_Text xr_s22\">L\u00f6schung: <\/span><\/p><p><span class=\"xr_tl Normal_Text xr_s22\">Sie haben das Recht, zu verlangen, dass Sie betreffende personenbezogene Daten unverz\u00fcglich gel\u00f6scht werden, sofern einer der in Art. 17 DSGVO <\/span><span class=\"xr_tl Normal_Text xr_s22\">im einzelnen aufgef\u00fchrten Gr\u00fcnde zutrifft, z. B. wenn die Daten f\u00fcr die verfolgten Zwecke nicht mehr ben\u00f6tigt werden und die gesetzlichen <\/span><span class=\"xr_tl Normal_Text xr_s22\">Aufbewahrungs- und Archivvorschriften einer L\u00f6schung nicht entgegenstehen.<\/span><\/p><p><span class=\"xr_tl Normal_Text xr_s22\">Einschr\u00e4nkung der Verarbeitung: <\/span><\/p><p><span class=\"xr_tl Normal_Text xr_s22\">Sie haben das Recht, die Einschr\u00e4nkung der Verarbeitung zu verlangen, wenn eine der in Art. 18 DSGVO aufgef\u00fchrten Voraussetzungen gegeben ist, <\/span><span class=\"xr_tl Normal_Text xr_s22\">z. B. wenn Sie Widerspruch gegen die Verarbeitung eingelegt haben, f\u00fcr die Dauer der Pr\u00fcfung, ob dem Widerspruch stattgegeben werden kann.<\/span><\/p><p><span class=\"xr_tl Normal_Text xr_s22\">Daten\u00fcbertragbarkeit: <\/span><\/p><p><span class=\"xr_tl Normal_Text xr_s22\">Sie haben gem\u00e4\u00df Art. 20 DSGVO das Recht, die uns aufgrund Ihrer Einwilligung freiwillig zur Verf\u00fcgung gestellten und elektronisch verarbeiteten <\/span><span class=\"xr_tl Normal_Text xr_s22\">Daten in einem strukturierten, g\u00e4ngigen und maschinen-lesbaren Format zu erhalten, sodass Sie diese Daten einem anderen Verantwortlichen zur <\/span><span class=\"xr_tl Normal_Text xr_s22\">Verf\u00fcgung stellen k\u00f6nnen.<\/span><span class=\"xr_tl Normal_Text xr_s22\">Widerspruch: <\/span><span class=\"xr_tl Normal_Text xr_s22\">Sie haben das Recht, aus Gr\u00fcnden, die sich aus Ihrer besonderen Situation ergeben, jederzeit im Rahmen der Voraussetzungen des Art. 21 DSGVO <\/span><span class=\"xr_tl Normal_Text xr_s22\">gegen die Verarbeitung Sie betreffender personenbezogener Daten Widerspruch einzulegen<\/span>.<\/p>\t\t\t\t\t\t\t\t<\/div>\n\t\t\t\t<\/div>\n\t\t\t\t<div class=\"elementor-element elementor-element-8f6cb46 elementor-widget elementor-widget-text-editor\" data-id=\"8f6cb46\" data-element_type=\"widget\" data-e-type=\"widget\" data-widget_type=\"text-editor.default\">\n\t\t\t\t<div class=\"elementor-widget-container\">\n\t\t\t\t\t\t\t\t\t<p><strong>SSL- bzw. TLS-Verschl\u00fcsselung<\/strong><\/p>\t\t\t\t\t\t\t\t<\/div>\n\t\t\t\t<\/div>\n\t\t\t\t<div class=\"elementor-element elementor-element-d25808f elementor-widget elementor-widget-text-editor\" data-id=\"d25808f\" data-element_type=\"widget\" data-e-type=\"widget\" data-widget_type=\"text-editor.default\">\n\t\t\t\t<div class=\"elementor-widget-container\">\n\t\t\t\t\t\t\t\t\t<p>Diese Seite nutzt aus Sicherheitsgr\u00fcnden und zum Schutz der \u00dcbertragung vertraulicher Inhalte, wie zum Beispiel Bestellungen oder Anfragen, die Sie an uns als Seitenbetreiber senden, eine SSL-bzw. TLS-Verschl\u00fcsselung. Eine verschl\u00fcsselte Verbindung erkennen Sie daran, dass die Adresszeile des Browsers von \u201chttp:\/\/\u201d auf \u201chttps:\/\/\u201d wechselt und an dem Schloss-Symbol in Ihrer Browserzeile.<\/p><p>Wenn die SSL- bzw. TLS-Verschl\u00fcsselung aktiviert ist, k\u00f6nnen die Daten, die Sie an uns \u00fcbermitteln, nicht von Dritten mitgelesen werden.<\/p>\t\t\t\t\t\t\t\t<\/div>\n\t\t\t\t<\/div>\n\t\t\t\t<div class=\"elementor-element elementor-element-e73a87d elementor-widget elementor-widget-text-editor\" data-id=\"e73a87d\" data-element_type=\"widget\" data-e-type=\"widget\" data-widget_type=\"text-editor.default\">\n\t\t\t\t<div class=\"elementor-widget-container\">\n\t\t\t\t\t\t\t\t\t<p><strong>Analysedienste und bestehen einer automatisierten Entscheidungsfindung<\/strong><\/p>\t\t\t\t\t\t\t\t<\/div>\n\t\t\t\t<\/div>\n\t\t\t\t<div class=\"elementor-element elementor-element-59e9285 elementor-widget elementor-widget-text-editor\" data-id=\"59e9285\" data-element_type=\"widget\" data-e-type=\"widget\" data-widget_type=\"text-editor.default\">\n\t\t\t\t<div class=\"elementor-widget-container\">\n\t\t\t\t\t\t\t\t\t<p><span class=\"xr_tl Normal_Text xr_s22\">Als verantwortungsbewusstes Unternehmen verzichten wir auf eine automatische Entscheidungsfindung oder ein Profiling. Erfasst werden nur die statistischen und technischen Daten zum betreiben der Seite (siehe auch &#8222;Erfassung von Daten und Informationen&#8220; und &#8222;Server-Log-Dateien&#8220;)<\/span><\/p>\t\t\t\t\t\t\t\t<\/div>\n\t\t\t\t<\/div>\n\t\t\t\t<div class=\"elementor-element elementor-element-4d270d3 elementor-widget elementor-widget-text-editor\" data-id=\"4d270d3\" data-element_type=\"widget\" data-e-type=\"widget\" data-widget_type=\"text-editor.default\">\n\t\t\t\t<div class=\"elementor-widget-container\">\n\t\t\t\t\t\t\t\t\t<p><strong>Server-Log-Dateien<\/strong><\/p>\t\t\t\t\t\t\t\t<\/div>\n\t\t\t\t<\/div>\n\t\t\t\t<div class=\"elementor-element elementor-element-c285dca elementor-widget elementor-widget-text-editor\" data-id=\"c285dca\" data-element_type=\"widget\" data-e-type=\"widget\" data-widget_type=\"text-editor.default\">\n\t\t\t\t<div class=\"elementor-widget-container\">\n\t\t\t\t\t\t\t\t\t<p>Der Provider der Seiten erhebt und speichert automatisch Informationen in so genannten Server-Log-Dateien, die Ihr Browser automatisch an uns \u00fcbermittelt. Dies sind:<\/p><p>Browsertyp und Browserversion<br \/>verwendetes Betriebssystem<br \/>Referrer URL<br \/>Hostname des zugreifenden Rechners<br \/>Uhrzeit der Serveranfrage<br \/>IP-Adresse<br \/>Eine Zusammenf\u00fchrung dieser Daten mit anderen Datenquellen wird nicht vorgenommen.<\/p><p>Grundlage f\u00fcr die Datenverarbeitung ist Art. 6 Abs. 1 lit. f DSGVO, der die Verarbeitung von Daten zur Erf\u00fcllung eines Vertrags oder vorvertraglicher Ma\u00dfnahmen gestattet.<\/p>\t\t\t\t\t\t\t\t<\/div>\n\t\t\t\t<\/div>\n\t\t\t\t<div class=\"elementor-element elementor-element-b268a34 elementor-widget elementor-widget-text-editor\" data-id=\"b268a34\" data-element_type=\"widget\" data-e-type=\"widget\" data-widget_type=\"text-editor.default\">\n\t\t\t\t<div class=\"elementor-widget-container\">\n\t\t\t\t\t\t\t\t\t<p><strong><span class=\"xr_tl Normal_Text xr_s22\">Beschwerderecht bei der zust\u00e4ndigen Aufsichtsbeh\u00f6rde<\/span><\/strong><\/p>\t\t\t\t\t\t\t\t<\/div>\n\t\t\t\t<\/div>\n\t\t\t\t<div class=\"elementor-element elementor-element-2fec2e9 elementor-widget elementor-widget-text-editor\" data-id=\"2fec2e9\" data-element_type=\"widget\" data-e-type=\"widget\" data-widget_type=\"text-editor.default\">\n\t\t\t\t<div class=\"elementor-widget-container\">\n\t\t\t\t\t\t\t\t\t<p><span class=\"xr_tl Normal_Text xr_s22\">Ihnen steht ein Beschwerderecht bei der Datenschutzaufsichtsbeh\u00f6rde zu (Art. 77 DSGVO). Der \/\u00a0<\/span><span class=\"xr_tl Normal_Text xr_s22\">Die Landesbeauftragte f\u00fcr den Datenschutz Niedersachsen ist:<\/span><\/p><p>Postfach 221, 30002 Hannover<br \/>Prinzenstra\u00dfe 5<br \/>30159 Hannover<\/p><p>Telefon 0511-120 4500<br \/>Fax 0511-120 4599<\/p><p><span class=\"xr_tl Normal_Text xr_s22\">E-Mail an Ansprechpartner poststelle@lfd.niedersachsen.de schreiben<\/span><\/p>\t\t\t\t\t\t\t\t<\/div>\n\t\t\t\t<\/div>\n\t\t\t\t<div class=\"elementor-element elementor-element-11fa73b elementor-widget elementor-widget-text-editor\" data-id=\"11fa73b\" data-element_type=\"widget\" data-e-type=\"widget\" data-widget_type=\"text-editor.default\">\n\t\t\t\t<div class=\"elementor-widget-container\">\n\t\t\t\t\t\t\t\t\t<p><strong>Aktualit\u00e4t und \u00c4nderung dieser Datenschutzerkl\u00e4rung<\/strong><\/p>\t\t\t\t\t\t\t\t<\/div>\n\t\t\t\t<\/div>\n\t\t\t\t<div class=\"elementor-element elementor-element-8cb0ec4 elementor-widget elementor-widget-text-editor\" data-id=\"8cb0ec4\" data-element_type=\"widget\" data-e-type=\"widget\" data-widget_type=\"text-editor.default\">\n\t\t\t\t<div class=\"elementor-widget-container\">\n\t\t\t\t\t\t\t\t\t<p><span class=\"xr_tl Normal_Text xr_s22\">Diese Datenschutzerkl\u00e4rung mit Stand Mai 2025 ist aktuell g\u00fcltig. Durch die Weiterentwicklung unserer Website oder aufgrund ge\u00e4nderter <\/span><span class=\"xr_tl Normal_Text xr_s22\">gesetzlicher beziehungsweise beh\u00f6rdlicher Vorgaben kann es notwendig sein, dass wir von Zeit zu Zeit unsere Datenschutzerkl\u00e4rung anpassen. Bitte <\/span><span class=\"xr_tl Normal_Text xr_s22\">beachten Sie daher die jeweils aktuelle Version unserer Datenschutzerkl\u00e4rung<\/span>.<\/p>\t\t\t\t\t\t\t\t<\/div>\n\t\t\t\t<\/div>\n\t\t\t\t\t<\/div>\n\t\t<\/div>\n\t\t\t\t\t<\/div>\n\t\t<\/section>\n\t\t\t\t<\/div>\n\t\t","protected":false},"excerpt":{"rendered":"<p>VERORDNUNG (EU) 2016\/679 DES EUROP\u00c4ISCHEN PARLAMENTS UND DES RATES\u00a0 (Datenschutz-Grundverordnung) DATENSCHUTZERKL\u00c4RUNG Der Datenschutz hat einen hohen Stellenwert bei der Leistungserstellung der \u00dcberwachungsgemeinschaften [im folgenden \u00dcG].Die Wahrung von Pers\u00f6nlichkeitsrechten und die Einhaltung gesetzlicher Bestimmungen zum Datenschutz sind wesentliche Bestandteile unserer Unternehmensphilosophie.Eine Nutzung der Internetseiten der \u00dcG ist grunds\u00e4tzlich ohne jede Angabe personenbezogener Daten m\u00f6glich. Sofern eine [&hellip;]<\/p>\n","protected":false},"author":1,"featured_media":0,"parent":0,"menu_order":0,"comment_status":"closed","ping_status":"closed","template":"elementor_header_footer","meta":{"ocean_post_layout":"","ocean_both_sidebars_style":"","ocean_both_sidebars_content_width":0,"ocean_both_sidebars_sidebars_width":0,"ocean_sidebar":"","ocean_second_sidebar":"","ocean_disable_margins":"enable","ocean_add_body_class":"","ocean_shortcode_before_top_bar":"","ocean_shortcode_after_top_bar":"","ocean_shortcode_before_header":"","ocean_shortcode_after_header":"","ocean_has_shortcode":"","ocean_shortcode_after_title":"","ocean_shortcode_before_footer_widgets":"","ocean_shortcode_after_footer_widgets":"","ocean_shortcode_before_footer_bottom":"","ocean_shortcode_after_footer_bottom":"","ocean_display_top_bar":"default","ocean_display_header":"default","ocean_header_style":"","ocean_center_header_left_menu":"","ocean_custom_header_template":"","ocean_custom_logo":0,"ocean_custom_retina_logo":0,"ocean_custom_logo_max_width":0,"ocean_custom_logo_tablet_max_width":0,"ocean_custom_logo_mobile_max_width":0,"ocean_custom_logo_max_height":0,"ocean_custom_logo_tablet_max_height":0,"ocean_custom_logo_mobile_max_height":0,"ocean_header_custom_menu":"","ocean_menu_typo_font_family":"","ocean_menu_typo_font_subset":"","ocean_menu_typo_font_size":0,"ocean_menu_typo_font_size_tablet":0,"ocean_menu_typo_font_size_mobile":0,"ocean_menu_typo_font_size_unit":"px","ocean_menu_typo_font_weight":"","ocean_menu_typo_font_weight_tablet":"","ocean_menu_typo_font_weight_mobile":"","ocean_menu_typo_transform":"","ocean_menu_typo_transform_tablet":"","ocean_menu_typo_transform_mobile":"","ocean_menu_typo_line_height":0,"ocean_menu_typo_line_height_tablet":0,"ocean_menu_typo_line_height_mobile":0,"ocean_menu_typo_line_height_unit":"","ocean_menu_typo_spacing":0,"ocean_menu_typo_spacing_tablet":0,"ocean_menu_typo_spacing_mobile":0,"ocean_menu_typo_spacing_unit":"","ocean_menu_link_color":"","ocean_menu_link_color_hover":"","ocean_menu_link_color_active":"","ocean_menu_link_background":"","ocean_menu_link_hover_background":"","ocean_menu_link_active_background":"","ocean_menu_social_links_bg":"","ocean_menu_social_hover_links_bg":"","ocean_menu_social_links_color":"","ocean_menu_social_hover_links_color":"","ocean_disable_title":"default","ocean_disable_heading":"default","ocean_post_title":"","ocean_post_subheading":"","ocean_post_title_style":"","ocean_post_title_background_color":"","ocean_post_title_background":0,"ocean_post_title_bg_image_position":"","ocean_post_title_bg_image_attachment":"","ocean_post_title_bg_image_repeat":"","ocean_post_title_bg_image_size":"","ocean_post_title_height":0,"ocean_post_title_bg_overlay":0.5,"ocean_post_title_bg_overlay_color":"","ocean_disable_breadcrumbs":"default","ocean_breadcrumbs_color":"","ocean_breadcrumbs_separator_color":"","ocean_breadcrumbs_links_color":"","ocean_breadcrumbs_links_hover_color":"","ocean_display_footer_widgets":"default","ocean_display_footer_bottom":"default","ocean_custom_footer_template":"","footnotes":""},"class_list":["post-14","page","type-page","status-publish","hentry","entry"],"_links":{"self":[{"href":"https:\/\/feuerschutztueren.com\/index.php?rest_route=\/wp\/v2\/pages\/14","targetHints":{"allow":["GET"]}}],"collection":[{"href":"https:\/\/feuerschutztueren.com\/index.php?rest_route=\/wp\/v2\/pages"}],"about":[{"href":"https:\/\/feuerschutztueren.com\/index.php?rest_route=\/wp\/v2\/types\/page"}],"author":[{"embeddable":true,"href":"https:\/\/feuerschutztueren.com\/index.php?rest_route=\/wp\/v2\/users\/1"}],"replies":[{"embeddable":true,"href":"https:\/\/feuerschutztueren.com\/index.php?rest_route=%2Fwp%2Fv2%2Fcomments&post=14"}],"version-history":[{"count":58,"href":"https:\/\/feuerschutztueren.com\/index.php?rest_route=\/wp\/v2\/pages\/14\/revisions"}],"predecessor-version":[{"id":1265,"href":"https:\/\/feuerschutztueren.com\/index.php?rest_route=\/wp\/v2\/pages\/14\/revisions\/1265"}],"wp:attachment":[{"href":"https:\/\/feuerschutztueren.com\/index.php?rest_route=%2Fwp%2Fv2%2Fmedia&parent=14"}],"curies":[{"name":"wp","href":"https:\/\/api.w.org\/{rel}","templated":true}]}}