{"id":188,"date":"2022-02-21T16:15:22","date_gmt":"2022-02-21T15:15:22","guid":{"rendered":"https:\/\/xn--berwachungsgemeinschaft-bpc.live-website.com\/?page_id=188"},"modified":"2025-10-22T08:12:58","modified_gmt":"2025-10-22T07:12:58","slug":"kooperationsverbuende","status":"publish","type":"page","link":"https:\/\/feuerschutztueren.com\/?page_id=188","title":{"rendered":"Kooperationsverb\u00fcnde"},"content":{"rendered":"\t\t<div data-elementor-type=\"wp-page\" data-elementor-id=\"188\" class=\"elementor elementor-188\" data-elementor-settings=\"{&quot;ha_cmc_init_switcher&quot;:&quot;no&quot;}\">\n\t\t\t\t\t\t<section class=\"has_eae_slider elementor-section elementor-top-section elementor-element elementor-element-86dd738 elementor-section-boxed elementor-section-height-default elementor-section-height-default\" data-eae-slider=\"47185\" data-id=\"86dd738\" data-element_type=\"section\" data-e-type=\"section\" data-settings=\"{&quot;_ha_eqh_enable&quot;:false}\">\n\t\t\t\t\t\t<div class=\"elementor-container elementor-column-gap-default\">\n\t\t\t\t\t<div class=\"has_eae_slider elementor-column elementor-col-50 elementor-top-column elementor-element elementor-element-2977316\" data-eae-slider=\"95546\" data-id=\"2977316\" data-element_type=\"column\" data-e-type=\"column\">\n\t\t\t<div class=\"elementor-widget-wrap elementor-element-populated\">\n\t\t\t\t\t\t<div class=\"elementor-element elementor-element-80bba0c elementor-widget elementor-widget-video\" data-id=\"80bba0c\" data-element_type=\"widget\" data-e-type=\"widget\" data-settings=\"{&quot;video_type&quot;:&quot;hosted&quot;,&quot;autoplay&quot;:&quot;yes&quot;,&quot;mute&quot;:&quot;yes&quot;,&quot;loop&quot;:&quot;yes&quot;,&quot;_animation&quot;:&quot;none&quot;}\" data-widget_type=\"video.default\">\n\t\t\t\t<div class=\"elementor-widget-container\">\n\t\t\t\t\t\t\t<div class=\"e-hosted-video elementor-wrapper elementor-open-inline\">\n\t\t\t\t\t<video class=\"elementor-video\" src=\"http:\/\/feuerschutztueren.com\/wp-content\/uploads\/2025\/08\/Deutschlandkarte.mp4\" autoplay=\"\" loop=\"\" muted=\"muted\" controlsList=\"nodownload\" poster=\"http:\/\/feuerschutztueren.com\/wp-content\/uploads\/2025\/04\/AKF-e.\u202fV.png\"><\/video>\n\t\t\t\t<\/div>\n\t\t\t\t\t\t<\/div>\n\t\t\t\t<\/div>\n\t\t\t\t\t<\/div>\n\t\t<\/div>\n\t\t\t\t<div class=\"has_eae_slider elementor-column elementor-col-50 elementor-top-column elementor-element elementor-element-e31e396\" data-eae-slider=\"69802\" data-id=\"e31e396\" data-element_type=\"column\" data-e-type=\"column\">\n\t\t\t<div class=\"elementor-widget-wrap elementor-element-populated\">\n\t\t\t\t\t\t<div class=\"elementor-element elementor-element-6cd3def elementor-widget elementor-widget-text-editor\" data-id=\"6cd3def\" data-element_type=\"widget\" data-e-type=\"widget\" data-widget_type=\"text-editor.default\">\n\t\t\t\t<div class=\"elementor-widget-container\">\n\t\t\t\t\t\t\t\t\t<h1 class=\"xr_tl Heading_1 xr_s10\"><span class=\"Heading_1 xr_s11\">\u00dcberwachungs- und Zertifizierungsstellen f\u00fcr Feuerschutzabschl\u00fcsse<\/span><\/h1>\t\t\t\t\t\t\t\t<\/div>\n\t\t\t\t<\/div>\n\t\t\t\t<div class=\"elementor-element elementor-element-2083bd4 elementor-widget elementor-widget-text-editor\" data-id=\"2083bd4\" data-element_type=\"widget\" data-e-type=\"widget\" data-widget_type=\"text-editor.default\">\n\t\t\t\t<div class=\"elementor-widget-container\">\n\t\t\t\t\t\t\t\t\t<p><strong>AKF e.\u202fV. \u2013 Das Netzwerk f\u00fcr \u00dcberwachung und Zertifizierung<\/strong><\/p><p>Sieben \u00dcberwachungsgemeinschaften aus ganz Deutschland haben sich im <strong>Arbeitskreis der \u00dcberwachungsgemeinschaften f\u00fcr Feuerschutz-, Rauchschutz- und Schutzraumabschl\u00fcsse (AKF e.\u202fV.)<\/strong> zusammengeschlossen. Ziel ist es, Fachwissen zu b\u00fcndeln, Qualit\u00e4tsstandards zu sichern und Herstellbetriebe in ganz Deutschland bei der normgerechten Umsetzung ihrer Produkte zu unterst\u00fctzen.<\/p><p><strong>Was wir als Netzwerk leisten:<\/strong><\/p><ul><li><strong>Erfahrungsaustausch und Wissenstransfer<\/strong> zwischen den \u00dcberwachungsgemeinschaften<\/li><li><strong>Vertretung gemeinsamer Interessen<\/strong> gegen\u00fcber Herstellern, Pr\u00fcfstellen, dem DIN und anderen Fachinstitutionen<\/li><li><strong>Mitwirkung in Normungsgremien<\/strong> und Facharbeitskreisen<\/li><li><strong>Fachinformationen<\/strong> f\u00fcr Mitgliedsbetriebe \u2013 per Rundschreiben, Schulungen und Workshops<\/li><li><strong>Kosteng\u00fcnstige Zertifizierungs- und \u00dcberwachungsleistungen<\/strong> durch bundesweiten Leistungsaustausch<\/li><\/ul><p>Mitglieder des AKF e.\u202fV. profitieren vom engen Austausch und einem verl\u00e4sslichen Netzwerk, das ihnen Fachkompetenz, Sicherheit und effiziente Abl\u00e4ufe bietet.<\/p>\t\t\t\t\t\t\t\t<\/div>\n\t\t\t\t<\/div>\n\t\t\t\t<div class=\"elementor-element elementor-element-c1f06f1 elementor-widget elementor-widget-spacer\" data-id=\"c1f06f1\" data-element_type=\"widget\" data-e-type=\"widget\" data-widget_type=\"spacer.default\">\n\t\t\t\t<div class=\"elementor-widget-container\">\n\t\t\t\t\t\t\t<div class=\"elementor-spacer\">\n\t\t\t<div class=\"elementor-spacer-inner\"><\/div>\n\t\t<\/div>\n\t\t\t\t\t\t<\/div>\n\t\t\t\t<\/div>\n\t\t\t\t\t<\/div>\n\t\t<\/div>\n\t\t\t\t\t<\/div>\n\t\t<\/section>\n\t\t\t\t<section class=\"has_eae_slider elementor-section elementor-top-section elementor-element elementor-element-6f4733a elementor-section-boxed elementor-section-height-default elementor-section-height-default\" data-eae-slider=\"10836\" data-id=\"6f4733a\" data-element_type=\"section\" data-e-type=\"section\" data-settings=\"{&quot;_ha_eqh_enable&quot;:false}\">\n\t\t\t\t\t\t<div class=\"elementor-container elementor-column-gap-default\">\n\t\t\t\t\t<div class=\"has_eae_slider elementor-column elementor-col-100 elementor-top-column elementor-element elementor-element-32d0dd2\" data-eae-slider=\"58539\" data-id=\"32d0dd2\" data-element_type=\"column\" data-e-type=\"column\">\n\t\t\t<div class=\"elementor-widget-wrap elementor-element-populated\">\n\t\t\t\t\t\t<div class=\"elementor-element elementor-element-b354600 elementor-widget elementor-widget-heading\" data-id=\"b354600\" data-element_type=\"widget\" data-e-type=\"widget\" data-widget_type=\"heading.default\">\n\t\t\t\t<div class=\"elementor-widget-container\">\n\t\t\t\t\t<h2 class=\"elementor-heading-title elementor-size-default\">Kontaktdaten:<\/h2>\t\t\t\t<\/div>\n\t\t\t\t<\/div>\n\t\t\t\t<div class=\"elementor-element elementor-element-045089f elementor-widget elementor-widget-accordion\" data-id=\"045089f\" data-element_type=\"widget\" data-e-type=\"widget\" data-widget_type=\"accordion.default\">\n\t\t\t\t<div class=\"elementor-widget-container\">\n\t\t\t\t\t\t\t<div class=\"elementor-accordion\">\n\t\t\t\t\t\t\t<div class=\"elementor-accordion-item\">\n\t\t\t\t\t<div id=\"elementor-tab-title-4521\" class=\"elementor-tab-title\" data-tab=\"1\" role=\"button\" aria-controls=\"elementor-tab-content-4521\" aria-expanded=\"false\">\n\t\t\t\t\t\t\t\t\t\t\t\t\t<span class=\"elementor-accordion-icon elementor-accordion-icon-left\" aria-hidden=\"true\">\n\t\t\t\t\t\t\t\t\t\t\t\t\t\t\t<span class=\"elementor-accordion-icon-closed\"><i class=\"fas fa-plus\"><\/i><\/span>\n\t\t\t\t\t\t\t\t<span class=\"elementor-accordion-icon-opened\"><i class=\"fas fa-minus\"><\/i><\/span>\n\t\t\t\t\t\t\t\t\t\t\t\t\t\t<\/span>\n\t\t\t\t\t\t\t\t\t\t\t\t<a class=\"elementor-accordion-title\" tabindex=\"0\">\u00dcberwachungsgemeinschaft f\u00fcr Feuerschutz-, Rauchschutz- und Schutzraumabschl\u00fcsse Bayern e. V.<\/a>\n\t\t\t\t\t<\/div>\n\t\t\t\t\t<div id=\"elementor-tab-content-4521\" class=\"elementor-tab-content elementor-clearfix\" data-tab=\"1\" role=\"region\" aria-labelledby=\"elementor-tab-title-4521\"><p>\u00dcberwachungsgemeinschaft f\u00fcr Feuerschutz-, Rauchschutz- und Schutzraumabschl\u00fcsse Bayern e. V.<\/p><p>Neuburgstr. 1c<br \/>83620 Feldkirchen-Westerham<br \/>Telefon: 0 80 62\/70 19 989<br \/>Fax: 0 80 62\/70 19 886<br \/>E-Mail: <a href=\"mailto:info@feuerschutz-bayern.de\">info@feuerschutz-bayern.de<\/a><\/p><p><img fetchpriority=\"high\" decoding=\"async\" class=\"alignnone size-medium wp-image-1099\" src=\"http:\/\/feuerschutztueren.com\/wp-content\/uploads\/2025\/04\/UeG-Bayern-e.-V-255x300.png\" alt=\"\" width=\"255\" height=\"300\" srcset=\"https:\/\/feuerschutztueren.com\/wp-content\/uploads\/2025\/04\/UeG-Bayern-e.-V-255x300.png 255w, https:\/\/feuerschutztueren.com\/wp-content\/uploads\/2025\/04\/UeG-Bayern-e.-V.png 643w\" sizes=\"(max-width: 255px) 100vw, 255px\" \/><\/p><\/div>\n\t\t\t\t<\/div>\n\t\t\t\t\t\t\t<div class=\"elementor-accordion-item\">\n\t\t\t\t\t<div id=\"elementor-tab-title-4522\" class=\"elementor-tab-title\" data-tab=\"2\" role=\"button\" aria-controls=\"elementor-tab-content-4522\" aria-expanded=\"false\">\n\t\t\t\t\t\t\t\t\t\t\t\t\t<span class=\"elementor-accordion-icon elementor-accordion-icon-left\" aria-hidden=\"true\">\n\t\t\t\t\t\t\t\t\t\t\t\t\t\t\t<span class=\"elementor-accordion-icon-closed\"><i class=\"fas fa-plus\"><\/i><\/span>\n\t\t\t\t\t\t\t\t<span class=\"elementor-accordion-icon-opened\"><i class=\"fas fa-minus\"><\/i><\/span>\n\t\t\t\t\t\t\t\t\t\t\t\t\t\t<\/span>\n\t\t\t\t\t\t\t\t\t\t\t\t<a class=\"elementor-accordion-title\" tabindex=\"0\">\u00dcberwachungsgemeinschaft f\u00fcr Feuerschutz-, Rauchschutz- und Schutzraumabschl\u00fcsse Niedersachsen\/Bremen\/Sachsen-Anhalt e. V.<\/a>\n\t\t\t\t\t<\/div>\n\t\t\t\t\t<div id=\"elementor-tab-content-4522\" class=\"elementor-tab-content elementor-clearfix\" data-tab=\"2\" role=\"region\" aria-labelledby=\"elementor-tab-title-4522\"><p>\u00dcberwachungsgemeinschaft f\u00fcr Feuerschutz-, Rauchschutz- und Schutzraumabschl\u00fcsse Niedersachsen\/Bremen\/Sachsen-Anhalt e. V.<\/p><p>Heidering 29<br \/>30625 Hannover<br \/>Telefon: 05 11\/9 09 85-0<br \/>Fax: 05 11\/9 09 85-85<br \/>E-Mail: <a href=\"mailto:info@feuerschutztueren.com\">info@feuerschutztueren.com<\/a><\/p><p><img decoding=\"async\" class=\"alignnone size-medium wp-image-1101\" src=\"http:\/\/feuerschutztueren.com\/wp-content\/uploads\/2025\/04\/UeG-Niedersachsen-Bremen-Sachsen-Anhalt-e.-V-255x300.png\" alt=\"\" width=\"255\" height=\"300\" srcset=\"https:\/\/feuerschutztueren.com\/wp-content\/uploads\/2025\/04\/UeG-Niedersachsen-Bremen-Sachsen-Anhalt-e.-V-255x300.png 255w, https:\/\/feuerschutztueren.com\/wp-content\/uploads\/2025\/04\/UeG-Niedersachsen-Bremen-Sachsen-Anhalt-e.-V.png 643w\" sizes=\"(max-width: 255px) 100vw, 255px\" \/><\/p><\/div>\n\t\t\t\t<\/div>\n\t\t\t\t\t\t\t<div class=\"elementor-accordion-item\">\n\t\t\t\t\t<div id=\"elementor-tab-title-4523\" class=\"elementor-tab-title\" data-tab=\"3\" role=\"button\" aria-controls=\"elementor-tab-content-4523\" aria-expanded=\"false\">\n\t\t\t\t\t\t\t\t\t\t\t\t\t<span class=\"elementor-accordion-icon elementor-accordion-icon-left\" aria-hidden=\"true\">\n\t\t\t\t\t\t\t\t\t\t\t\t\t\t\t<span class=\"elementor-accordion-icon-closed\"><i class=\"fas fa-plus\"><\/i><\/span>\n\t\t\t\t\t\t\t\t<span class=\"elementor-accordion-icon-opened\"><i class=\"fas fa-minus\"><\/i><\/span>\n\t\t\t\t\t\t\t\t\t\t\t\t\t\t<\/span>\n\t\t\t\t\t\t\t\t\t\t\t\t<a class=\"elementor-accordion-title\" tabindex=\"0\">\u00dcberwachungsgemeinschaft f\u00fcr Feuerschutz-, Rauchschutz- und Schutzraumabschl\u00fcsse Sachsen e. V.<\/a>\n\t\t\t\t\t<\/div>\n\t\t\t\t\t<div id=\"elementor-tab-content-4523\" class=\"elementor-tab-content elementor-clearfix\" data-tab=\"3\" role=\"region\" aria-labelledby=\"elementor-tab-title-4523\"><p>\u00dcberwachungsgemeinschaft f\u00fcr Feuerschutz-, Rauchschutz- und Schutzraumabschl\u00fcsse Sachsen e. V.<\/p><p>Breitscheidstr. 45<br \/>01156 Dresden<br \/>Telefon: 03 51\/4 54 15-77<br \/>Fax: 03 51\/4 54 15-78<br \/>E-Mail: <a href=\"mailto:info@feuerschutzinfo.de\">info@feuerschutzinfo.de<\/a><\/p><p><img decoding=\"async\" class=\"alignnone size-medium wp-image-1102\" src=\"http:\/\/feuerschutztueren.com\/wp-content\/uploads\/2025\/04\/UeG-Sachsen-e.-V-255x300.png\" alt=\"\" width=\"255\" height=\"300\" srcset=\"https:\/\/feuerschutztueren.com\/wp-content\/uploads\/2025\/04\/UeG-Sachsen-e.-V-255x300.png 255w, https:\/\/feuerschutztueren.com\/wp-content\/uploads\/2025\/04\/UeG-Sachsen-e.-V.png 643w\" sizes=\"(max-width: 255px) 100vw, 255px\" \/><\/p><\/div>\n\t\t\t\t<\/div>\n\t\t\t\t\t\t\t<div class=\"elementor-accordion-item\">\n\t\t\t\t\t<div id=\"elementor-tab-title-4524\" class=\"elementor-tab-title\" data-tab=\"4\" role=\"button\" aria-controls=\"elementor-tab-content-4524\" aria-expanded=\"false\">\n\t\t\t\t\t\t\t\t\t\t\t\t\t<span class=\"elementor-accordion-icon elementor-accordion-icon-left\" aria-hidden=\"true\">\n\t\t\t\t\t\t\t\t\t\t\t\t\t\t\t<span class=\"elementor-accordion-icon-closed\"><i class=\"fas fa-plus\"><\/i><\/span>\n\t\t\t\t\t\t\t\t<span class=\"elementor-accordion-icon-opened\"><i class=\"fas fa-minus\"><\/i><\/span>\n\t\t\t\t\t\t\t\t\t\t\t\t\t\t<\/span>\n\t\t\t\t\t\t\t\t\t\t\t\t<a class=\"elementor-accordion-title\" tabindex=\"0\">\u00dcberwachungsgemeinschaft f\u00fcr Feuerschutz-, Rauchschutz- und Schutzraumabschl\u00fcsse Baden-W\u00fcrttemberg e. V.<\/a>\n\t\t\t\t\t<\/div>\n\t\t\t\t\t<div id=\"elementor-tab-content-4524\" class=\"elementor-tab-content elementor-clearfix\" data-tab=\"4\" role=\"region\" aria-labelledby=\"elementor-tab-title-4524\"><p>\u00dcberwachungsgemeinschaft f\u00fcr Feuerschutz-, Rauchschutz- und Schutzraumabschl\u00fcsse Baden-W\u00fcrttemberg e. V.<\/p><p>Sch\u00f6nestr. 35\/1<br \/>70327 Stuttgart<br \/>Telefon: 07 11\/5 50 59 33-0<br \/>Fax: 07 11\/5 50 59 33-40<br \/>E-Mail: <a href=\"mailto:r.messmer@feuerschutz-bw.de\">r.messmer@feuerschutz-bw.de<\/a><\/p><p><img loading=\"lazy\" decoding=\"async\" class=\"alignnone size-medium wp-image-1098\" src=\"http:\/\/feuerschutztueren.com\/wp-content\/uploads\/2025\/04\/UeG-Baden-Wuerttemberg-e.-V-255x300.png\" alt=\"\" width=\"255\" height=\"300\" srcset=\"https:\/\/feuerschutztueren.com\/wp-content\/uploads\/2025\/04\/UeG-Baden-Wuerttemberg-e.-V-255x300.png 255w, https:\/\/feuerschutztueren.com\/wp-content\/uploads\/2025\/04\/UeG-Baden-Wuerttemberg-e.-V.png 643w\" sizes=\"(max-width: 255px) 100vw, 255px\" \/><\/p><\/div>\n\t\t\t\t<\/div>\n\t\t\t\t\t\t\t<div class=\"elementor-accordion-item\">\n\t\t\t\t\t<div id=\"elementor-tab-title-4525\" class=\"elementor-tab-title\" data-tab=\"5\" role=\"button\" aria-controls=\"elementor-tab-content-4525\" aria-expanded=\"false\">\n\t\t\t\t\t\t\t\t\t\t\t\t\t<span class=\"elementor-accordion-icon elementor-accordion-icon-left\" aria-hidden=\"true\">\n\t\t\t\t\t\t\t\t\t\t\t\t\t\t\t<span class=\"elementor-accordion-icon-closed\"><i class=\"fas fa-plus\"><\/i><\/span>\n\t\t\t\t\t\t\t\t<span class=\"elementor-accordion-icon-opened\"><i class=\"fas fa-minus\"><\/i><\/span>\n\t\t\t\t\t\t\t\t\t\t\t\t\t\t<\/span>\n\t\t\t\t\t\t\t\t\t\t\t\t<a class=\"elementor-accordion-title\" tabindex=\"0\">\u00dcberwachungsgemeinschaft f\u00fcr Feuerschutz-, Rauchschutz- und Schutzraumabschl\u00fcsse Berlin-Brandenburg e.V.<\/a>\n\t\t\t\t\t<\/div>\n\t\t\t\t\t<div id=\"elementor-tab-content-4525\" class=\"elementor-tab-content elementor-clearfix\" data-tab=\"5\" role=\"region\" aria-labelledby=\"elementor-tab-title-4525\"><p>\u00dcberwachungsgemeinschaft f\u00fcr Feuerschutz-, Rauchschutz- und Schutzraumabschl\u00fcsse Berlin-Brandenburg e.V.<\/p><p>MahlsdorferStr. 61b<br \/>15366 Hoppegarten<br \/>Telefon: 030\/99277986<br \/>Fax: 030\/97992319<br \/>E-Mail: <a href=\"mailto:feuerschutz-berlin@t-online.de\">feuerschutz-berlin@t-online.de<\/a><\/p><p><img loading=\"lazy\" decoding=\"async\" class=\"alignnone size-medium wp-image-1100\" src=\"http:\/\/feuerschutztueren.com\/wp-content\/uploads\/2025\/04\/UeG-Berlin-Brandenburg-e.V-255x300.png\" alt=\"\" width=\"255\" height=\"300\" srcset=\"https:\/\/feuerschutztueren.com\/wp-content\/uploads\/2025\/04\/UeG-Berlin-Brandenburg-e.V-255x300.png 255w, https:\/\/feuerschutztueren.com\/wp-content\/uploads\/2025\/04\/UeG-Berlin-Brandenburg-e.V.png 643w\" sizes=\"(max-width: 255px) 100vw, 255px\" \/><\/p><\/div>\n\t\t\t\t<\/div>\n\t\t\t\t\t\t\t<div class=\"elementor-accordion-item\">\n\t\t\t\t\t<div id=\"elementor-tab-title-4526\" class=\"elementor-tab-title\" data-tab=\"6\" role=\"button\" aria-controls=\"elementor-tab-content-4526\" aria-expanded=\"false\">\n\t\t\t\t\t\t\t\t\t\t\t\t\t<span class=\"elementor-accordion-icon elementor-accordion-icon-left\" aria-hidden=\"true\">\n\t\t\t\t\t\t\t\t\t\t\t\t\t\t\t<span class=\"elementor-accordion-icon-closed\"><i class=\"fas fa-plus\"><\/i><\/span>\n\t\t\t\t\t\t\t\t<span class=\"elementor-accordion-icon-opened\"><i class=\"fas fa-minus\"><\/i><\/span>\n\t\t\t\t\t\t\t\t\t\t\t\t\t\t<\/span>\n\t\t\t\t\t\t\t\t\t\t\t\t<a class=\"elementor-accordion-title\" tabindex=\"0\">\u00dcberwachungsgemeinschaft NORD f\u00fcr Feuerschutz-, Rauschutz- und Schutzraumabschl\u00fcsse der L\u00e4nder Schleswig-Holstein, Mecklenburg-Vorpommern und Hamburg e.V.<\/a>\n\t\t\t\t\t<\/div>\n\t\t\t\t\t<div id=\"elementor-tab-content-4526\" class=\"elementor-tab-content elementor-clearfix\" data-tab=\"6\" role=\"region\" aria-labelledby=\"elementor-tab-title-4526\"><p>\u00dcberwachungsgemeinschaft f\u00fcr Feuerschutz-, Rauschutz- und Schutzraumabschl\u00fcsse der L\u00e4nder Schleswig-Holstein, Mecklenburg-Vorpommern und Hamburg e.V.<\/p><p>Rendsburger Landstr. 211<br \/>24223 Kiel<br \/>Telefon: 0431\/260907-87<br \/>Fax: 0431\/260907-88<br \/>E-Mail: <a href=\"mailto:info@feuerschutz-nord.de\">info@feuerschutz-nord.de<\/a><\/p><p><img loading=\"lazy\" decoding=\"async\" class=\"alignnone size-medium wp-image-1103\" src=\"http:\/\/feuerschutztueren.com\/wp-content\/uploads\/2025\/04\/UeG-Schleswig-Holstein-Mecklenburg-Vorpommern-und-Hamburg-e.V-255x300.png\" alt=\"\" width=\"255\" height=\"300\" srcset=\"https:\/\/feuerschutztueren.com\/wp-content\/uploads\/2025\/04\/UeG-Schleswig-Holstein-Mecklenburg-Vorpommern-und-Hamburg-e.V-255x300.png 255w, https:\/\/feuerschutztueren.com\/wp-content\/uploads\/2025\/04\/UeG-Schleswig-Holstein-Mecklenburg-Vorpommern-und-Hamburg-e.V.png 643w\" sizes=\"(max-width: 255px) 100vw, 255px\" \/><\/p><\/div>\n\t\t\t\t<\/div>\n\t\t\t\t\t\t\t<div class=\"elementor-accordion-item\">\n\t\t\t\t\t<div id=\"elementor-tab-title-4527\" class=\"elementor-tab-title\" data-tab=\"7\" role=\"button\" aria-controls=\"elementor-tab-content-4527\" aria-expanded=\"false\">\n\t\t\t\t\t\t\t\t\t\t\t\t\t<span class=\"elementor-accordion-icon elementor-accordion-icon-left\" aria-hidden=\"true\">\n\t\t\t\t\t\t\t\t\t\t\t\t\t\t\t<span class=\"elementor-accordion-icon-closed\"><i class=\"fas fa-plus\"><\/i><\/span>\n\t\t\t\t\t\t\t\t<span class=\"elementor-accordion-icon-opened\"><i class=\"fas fa-minus\"><\/i><\/span>\n\t\t\t\t\t\t\t\t\t\t\t\t\t\t<\/span>\n\t\t\t\t\t\t\t\t\t\t\t\t<a class=\"elementor-accordion-title\" tabindex=\"0\">\u00dcberwachungsgemeinschaft West e.V.<\/a>\n\t\t\t\t\t<\/div>\n\t\t\t\t\t<div id=\"elementor-tab-content-4527\" class=\"elementor-tab-content elementor-clearfix\" data-tab=\"7\" role=\"region\" aria-labelledby=\"elementor-tab-title-4527\"><p>\u00dcberwachungsgemeinschaft West e.V.<\/p><p>L\u00e4nder NRW; Hessen; Rheinlandpfalz; Saarland; Th\u00fcringen<br \/>Graf-Spee-Str. 13<br \/>45133 Essen<br \/>Telefon: 0201\/89627-0<br \/>Fax: 0201\/89627-27<br \/>E-Mail: <a href=\"mailto:info@nrw.ueg-ev.de\">info@nrw.ueg-ev.de<\/a><\/p><p><img loading=\"lazy\" decoding=\"async\" class=\"alignnone size-medium wp-image-1104\" src=\"http:\/\/feuerschutztueren.com\/wp-content\/uploads\/2025\/04\/UeG-West-e.V-255x300.png\" alt=\"\" width=\"255\" height=\"300\" srcset=\"https:\/\/feuerschutztueren.com\/wp-content\/uploads\/2025\/04\/UeG-West-e.V-255x300.png 255w, https:\/\/feuerschutztueren.com\/wp-content\/uploads\/2025\/04\/UeG-West-e.V.png 643w\" sizes=\"(max-width: 255px) 100vw, 255px\" \/><\/p><\/div>\n\t\t\t\t<\/div>\n\t\t\t\t\t\t\t\t<\/div>\n\t\t\t\t\t\t<\/div>\n\t\t\t\t<\/div>\n\t\t\t\t\t<\/div>\n\t\t<\/div>\n\t\t\t\t\t<\/div>\n\t\t<\/section>\n\t\t\t\t<\/div>\n\t\t","protected":false},"excerpt":{"rendered":"<p>https:\/\/feuerschutztueren.com\/wp-content\/uploads\/2025\/08\/Deutschlandkarte.mp4 \u00dcberwachungs- und Zertifizierungsstellen f\u00fcr Feuerschutzabschl\u00fcsse AKF e.\u202fV. \u2013 Das Netzwerk f\u00fcr \u00dcberwachung und Zertifizierung Sieben \u00dcberwachungsgemeinschaften aus ganz Deutschland haben sich im Arbeitskreis der \u00dcberwachungsgemeinschaften f\u00fcr Feuerschutz-, Rauchschutz- und Schutzraumabschl\u00fcsse (AKF e.\u202fV.) zusammengeschlossen. Ziel ist es, Fachwissen zu b\u00fcndeln, Qualit\u00e4tsstandards zu sichern und Herstellbetriebe in ganz Deutschland bei der normgerechten Umsetzung ihrer Produkte zu [&hellip;]<\/p>\n","protected":false},"author":1,"featured_media":0,"parent":0,"menu_order":0,"comment_status":"closed","ping_status":"closed","template":"elementor_header_footer","meta":{"ocean_post_layout":"","ocean_both_sidebars_style":"","ocean_both_sidebars_content_width":0,"ocean_both_sidebars_sidebars_width":0,"ocean_sidebar":"","ocean_second_sidebar":"","ocean_disable_margins":"enable","ocean_add_body_class":"","ocean_shortcode_before_top_bar":"","ocean_shortcode_after_top_bar":"","ocean_shortcode_before_header":"","ocean_shortcode_after_header":"","ocean_has_shortcode":"","ocean_shortcode_after_title":"","ocean_shortcode_before_footer_widgets":"","ocean_shortcode_after_footer_widgets":"","ocean_shortcode_before_footer_bottom":"","ocean_shortcode_after_footer_bottom":"","ocean_display_top_bar":"default","ocean_display_header":"default","ocean_header_style":"","ocean_center_header_left_menu":"","ocean_custom_header_template":"","ocean_custom_logo":0,"ocean_custom_retina_logo":0,"ocean_custom_logo_max_width":0,"ocean_custom_logo_tablet_max_width":0,"ocean_custom_logo_mobile_max_width":0,"ocean_custom_logo_max_height":0,"ocean_custom_logo_tablet_max_height":0,"ocean_custom_logo_mobile_max_height":0,"ocean_header_custom_menu":"","ocean_menu_typo_font_family":"","ocean_menu_typo_font_subset":"","ocean_menu_typo_font_size":0,"ocean_menu_typo_font_size_tablet":0,"ocean_menu_typo_font_size_mobile":0,"ocean_menu_typo_font_size_unit":"px","ocean_menu_typo_font_weight":"","ocean_menu_typo_font_weight_tablet":"","ocean_menu_typo_font_weight_mobile":"","ocean_menu_typo_transform":"","ocean_menu_typo_transform_tablet":"","ocean_menu_typo_transform_mobile":"","ocean_menu_typo_line_height":0,"ocean_menu_typo_line_height_tablet":0,"ocean_menu_typo_line_height_mobile":0,"ocean_menu_typo_line_height_unit":"","ocean_menu_typo_spacing":0,"ocean_menu_typo_spacing_tablet":0,"ocean_menu_typo_spacing_mobile":0,"ocean_menu_typo_spacing_unit":"","ocean_menu_link_color":"","ocean_menu_link_color_hover":"","ocean_menu_link_color_active":"","ocean_menu_link_background":"","ocean_menu_link_hover_background":"","ocean_menu_link_active_background":"","ocean_menu_social_links_bg":"","ocean_menu_social_hover_links_bg":"","ocean_menu_social_links_color":"","ocean_menu_social_hover_links_color":"","ocean_disable_title":"default","ocean_disable_heading":"default","ocean_post_title":"","ocean_post_subheading":"","ocean_post_title_style":"","ocean_post_title_background_color":"","ocean_post_title_background":0,"ocean_post_title_bg_image_position":"","ocean_post_title_bg_image_attachment":"","ocean_post_title_bg_image_repeat":"","ocean_post_title_bg_image_size":"","ocean_post_title_height":0,"ocean_post_title_bg_overlay":0.5,"ocean_post_title_bg_overlay_color":"","ocean_disable_breadcrumbs":"default","ocean_breadcrumbs_color":"","ocean_breadcrumbs_separator_color":"","ocean_breadcrumbs_links_color":"","ocean_breadcrumbs_links_hover_color":"","ocean_display_footer_widgets":"default","ocean_display_footer_bottom":"default","ocean_custom_footer_template":"","footnotes":""},"class_list":["post-188","page","type-page","status-publish","hentry","entry"],"_links":{"self":[{"href":"https:\/\/feuerschutztueren.com\/index.php?rest_route=\/wp\/v2\/pages\/188","targetHints":{"allow":["GET"]}}],"collection":[{"href":"https:\/\/feuerschutztueren.com\/index.php?rest_route=\/wp\/v2\/pages"}],"about":[{"href":"https:\/\/feuerschutztueren.com\/index.php?rest_route=\/wp\/v2\/types\/page"}],"author":[{"embeddable":true,"href":"https:\/\/feuerschutztueren.com\/index.php?rest_route=\/wp\/v2\/users\/1"}],"replies":[{"embeddable":true,"href":"https:\/\/feuerschutztueren.com\/index.php?rest_route=%2Fwp%2Fv2%2Fcomments&post=188"}],"version-history":[{"count":113,"href":"https:\/\/feuerschutztueren.com\/index.php?rest_route=\/wp\/v2\/pages\/188\/revisions"}],"predecessor-version":[{"id":1389,"href":"https:\/\/feuerschutztueren.com\/index.php?rest_route=\/wp\/v2\/pages\/188\/revisions\/1389"}],"wp:attachment":[{"href":"https:\/\/feuerschutztueren.com\/index.php?rest_route=%2Fwp%2Fv2%2Fmedia&parent=188"}],"curies":[{"name":"wp","href":"https:\/\/api.w.org\/{rel}","templated":true}]}}