{"id":274,"date":"2022-02-22T13:15:22","date_gmt":"2022-02-22T12:15:22","guid":{"rendered":"https:\/\/xn--berwachungsgemeinschaft-bpc.live-website.com\/home"},"modified":"2025-08-04T14:17:28","modified_gmt":"2025-08-04T13:17:28","slug":"home","status":"publish","type":"page","link":"https:\/\/feuerschutztueren.com\/","title":{"rendered":"Home"},"content":{"rendered":"\t\t<div data-elementor-type=\"wp-page\" data-elementor-id=\"274\" class=\"elementor elementor-274\" data-elementor-settings=\"{&quot;ha_cmc_init_switcher&quot;:&quot;no&quot;}\">\n\t\t\t\t\t\t<section class=\"has_eae_slider elementor-section elementor-top-section elementor-element elementor-element-375b241 elementor-section-boxed elementor-section-height-default elementor-section-height-default\" data-eae-slider=\"65880\" data-id=\"375b241\" data-element_type=\"section\" data-e-type=\"section\" data-settings=\"{&quot;_ha_eqh_enable&quot;:false}\">\n\t\t\t\t\t\t<div class=\"elementor-container elementor-column-gap-default\">\n\t\t\t\t\t<div class=\"has_eae_slider elementor-column elementor-col-50 elementor-top-column elementor-element elementor-element-f7e50ca\" data-eae-slider=\"19348\" data-id=\"f7e50ca\" data-element_type=\"column\" data-e-type=\"column\">\n\t\t\t<div class=\"elementor-widget-wrap elementor-element-populated\">\n\t\t\t\t\t\t<div class=\"elementor-element elementor-element-823a18a elementor-widget elementor-widget-text-editor\" data-id=\"823a18a\" data-element_type=\"widget\" data-e-type=\"widget\" data-widget_type=\"text-editor.default\">\n\t\t\t\t<div class=\"elementor-widget-container\">\n\t\t\t\t\t\t\t\t\t<p><strong>Willkommen auf der gemeinsamen Webseite der \u00dcberwachungsgemeinschaften <\/strong><\/p><ul><li><strong>\u00dcberwachungsgemeinschaft f\u00fcr Feuerschutz-, Rauchschutz- und Schutzraumabschl\u00fcsse Berlin-Brandenburg e.V.<\/strong><\/li><li><strong>\u00dcberwachungsgemeinschaft Feuerschutzt\u00fcren Niedersachsen\/Bremen\/Sachsen-Anhalt e. V.<\/strong><\/li><li><strong>\u00dcberwachungsgemeinschaft f\u00fcr Feuerschutz-, Rauchschutz- und Schutzraumabschl\u00fcsse Bayern e. V.<\/strong><\/li><li><strong>\u00dcberwachungsgemeinschaft f\u00fcr Feuerschutz-, Rauchschutz- und Schutzraumabschl\u00fcsse Sachsen e. V.<\/strong><\/li><li><strong>\u00dcberwachungsgemeinschaft NORD f\u00fcr Feuerschutz-, Rauschutz- und Schutzraumabschl\u00fcsse der L\u00e4nder Schleswig-Holstein, Mecklenburg-Vorpommern und Hamburg e.V.<\/strong><\/li><\/ul><p>Wir sind <u>jeweils<\/u> eine vom Deutschen Institut f\u00fcr Bautechnik (DIBt) anerkannte Zertifizierungs- und \u00dcberwachungsstelle f\u00fcr die Fremd\u00fcberwachung von Bauprodukten im Produktbereich Feuerschutzabschl\u00fcsse.<\/p><p><u>Unsere<\/u> Mitgliedsbetriebe \u2013 vom Metallbauer \u00fcber die Schlosserei bis hin zur Schreinerei oder Holzmanufaktur \u2013 vertrauen auf unsere Expertise. Werkstoffunabh\u00e4ngig zertifizieren und \u00fcberwachen wir Herstellwerke, ob aus Aluminium, Stahl oder Holz. Damit sind wir die richtige Adresse f\u00fcr kleine und mittelst\u00e4ndische Unternehmen, die eine zulassungskonforme Herstellung ihrer Feuerschutzt\u00fcren sicherstellen m\u00f6chten.<\/p><p>Als privatrechtlicher Verein gem\u00e4\u00df \u00a7\u202f21 BGB \u00fcbernehmen wir eine \u00f6ffentlich-rechtliche Aufgabe: den Schutz von Leben, Gesundheit und Umwelt durch die \u00dcberwachung und Zertifizierung sicherer Bauprodukte gem\u00e4\u00df den jeweiligen Landesbauordnungen.<\/p><p>\u00dcZ-Stellen (\u00dcberwachungs- und Zertifizierungsstellen nach den Landesbauordnungen) wie unsere Gemeinschaften sind unabh\u00e4ngig und unparteiisch. Sie tragen dazu bei, dass Bauprodukte den nationalen Anforderungen entsprechen und sicher verwendet werden k\u00f6nnen.<\/p>\t\t\t\t\t\t\t\t<\/div>\n\t\t\t\t<\/div>\n\t\t\t\t\t<\/div>\n\t\t<\/div>\n\t\t\t\t<div class=\"has_eae_slider elementor-column elementor-col-50 elementor-top-column elementor-element elementor-element-c92a4b7\" data-eae-slider=\"74330\" data-id=\"c92a4b7\" data-element_type=\"column\" data-e-type=\"column\">\n\t\t\t<div class=\"elementor-widget-wrap elementor-element-populated\">\n\t\t\t\t\t\t<div class=\"elementor-element elementor-element-6e3556e elementor-invisible elementor-widget elementor-widget-image\" data-id=\"6e3556e\" data-element_type=\"widget\" data-e-type=\"widget\" data-settings=\"{&quot;_animation&quot;:&quot;fadeInRight&quot;}\" data-widget_type=\"image.default\">\n\t\t\t\t<div class=\"elementor-widget-container\">\n\t\t\t\t\t\t\t\t\t\t\t\t\t\t\t<img fetchpriority=\"high\" decoding=\"async\" width=\"768\" height=\"511\" src=\"https:\/\/feuerschutztueren.com\/wp-content\/uploads\/2022\/02\/feuer2-768x511.jpg\" class=\"attachment-medium_large size-medium_large wp-image-334\" alt=\"\" srcset=\"https:\/\/feuerschutztueren.com\/wp-content\/uploads\/2022\/02\/feuer2-768x511.jpg 768w, https:\/\/feuerschutztueren.com\/wp-content\/uploads\/2022\/02\/feuer2-300x200.jpg 300w, https:\/\/feuerschutztueren.com\/wp-content\/uploads\/2022\/02\/feuer2-1024x682.jpg 1024w, https:\/\/feuerschutztueren.com\/wp-content\/uploads\/2022\/02\/feuer2-1536x1022.jpg 1536w, https:\/\/feuerschutztueren.com\/wp-content\/uploads\/2022\/02\/feuer2.jpg 1920w\" sizes=\"(max-width: 768px) 100vw, 768px\" \/>\t\t\t\t\t\t\t\t\t\t\t\t\t\t\t<\/div>\n\t\t\t\t<\/div>\n\t\t\t\t\t<\/div>\n\t\t<\/div>\n\t\t\t\t\t<\/div>\n\t\t<\/section>\n\t\t\t\t<section class=\"has_eae_slider elementor-section elementor-top-section elementor-element elementor-element-2f079b0b elementor-section-height-min-height elementor-section-items-stretch elementor-section-content-top elementor-section-boxed elementor-section-height-default\" data-eae-slider=\"33711\" data-id=\"2f079b0b\" data-element_type=\"section\" data-e-type=\"section\" data-settings=\"{&quot;background_background&quot;:&quot;video&quot;,&quot;_ha_eqh_enable&quot;:false}\">\n\t\t\t\t\t\t<div class=\"elementor-container elementor-column-gap-no\">\n\t\t\t\t\t<div class=\"has_eae_slider elementor-column elementor-col-100 elementor-top-column elementor-element elementor-element-53c51ebf\" data-eae-slider=\"31195\" data-id=\"53c51ebf\" data-element_type=\"column\" data-e-type=\"column\">\n\t\t\t<div class=\"elementor-widget-wrap\">\n\t\t\t\t\t\t\t<\/div>\n\t\t<\/div>\n\t\t\t\t\t<\/div>\n\t\t<\/section>\n\t\t\t\t<\/div>\n\t\t","protected":false},"excerpt":{"rendered":"<p>Willkommen auf der gemeinsamen Webseite der \u00dcberwachungsgemeinschaften \u00dcberwachungsgemeinschaft f\u00fcr Feuerschutz-, Rauchschutz- und Schutzraumabschl\u00fcsse Berlin-Brandenburg e.V. \u00dcberwachungsgemeinschaft Feuerschutzt\u00fcren Niedersachsen\/Bremen\/Sachsen-Anhalt e. V. \u00dcberwachungsgemeinschaft f\u00fcr Feuerschutz-, Rauchschutz- und Schutzraumabschl\u00fcsse Bayern e. V. \u00dcberwachungsgemeinschaft f\u00fcr Feuerschutz-, Rauchschutz- und Schutzraumabschl\u00fcsse Sachsen e. V. \u00dcberwachungsgemeinschaft NORD f\u00fcr Feuerschutz-, Rauschutz- und Schutzraumabschl\u00fcsse der L\u00e4nder Schleswig-Holstein, Mecklenburg-Vorpommern und Hamburg e.V. Wir sind jeweils [&hellip;]<\/p>\n","protected":false},"author":1,"featured_media":0,"parent":0,"menu_order":0,"comment_status":"closed","ping_status":"closed","template":"elementor_header_footer","meta":{"ocean_post_layout":"","ocean_both_sidebars_style":"","ocean_both_sidebars_content_width":0,"ocean_both_sidebars_sidebars_width":0,"ocean_sidebar":"","ocean_second_sidebar":"","ocean_disable_margins":"enable","ocean_add_body_class":"","ocean_shortcode_before_top_bar":"","ocean_shortcode_after_top_bar":"","ocean_shortcode_before_header":"","ocean_shortcode_after_header":"","ocean_has_shortcode":"","ocean_shortcode_after_title":"","ocean_shortcode_before_footer_widgets":"","ocean_shortcode_after_footer_widgets":"","ocean_shortcode_before_footer_bottom":"","ocean_shortcode_after_footer_bottom":"","ocean_display_top_bar":"default","ocean_display_header":"default","ocean_header_style":"","ocean_center_header_left_menu":"","ocean_custom_header_template":"","ocean_custom_logo":0,"ocean_custom_retina_logo":0,"ocean_custom_logo_max_width":0,"ocean_custom_logo_tablet_max_width":0,"ocean_custom_logo_mobile_max_width":0,"ocean_custom_logo_max_height":0,"ocean_custom_logo_tablet_max_height":0,"ocean_custom_logo_mobile_max_height":0,"ocean_header_custom_menu":"","ocean_menu_typo_font_family":"","ocean_menu_typo_font_subset":"","ocean_menu_typo_font_size":0,"ocean_menu_typo_font_size_tablet":0,"ocean_menu_typo_font_size_mobile":0,"ocean_menu_typo_font_size_unit":"px","ocean_menu_typo_font_weight":"","ocean_menu_typo_font_weight_tablet":"","ocean_menu_typo_font_weight_mobile":"","ocean_menu_typo_transform":"","ocean_menu_typo_transform_tablet":"","ocean_menu_typo_transform_mobile":"","ocean_menu_typo_line_height":0,"ocean_menu_typo_line_height_tablet":0,"ocean_menu_typo_line_height_mobile":0,"ocean_menu_typo_line_height_unit":"","ocean_menu_typo_spacing":0,"ocean_menu_typo_spacing_tablet":0,"ocean_menu_typo_spacing_mobile":0,"ocean_menu_typo_spacing_unit":"","ocean_menu_link_color":"","ocean_menu_link_color_hover":"","ocean_menu_link_color_active":"","ocean_menu_link_background":"","ocean_menu_link_hover_background":"","ocean_menu_link_active_background":"","ocean_menu_social_links_bg":"","ocean_menu_social_hover_links_bg":"","ocean_menu_social_links_color":"","ocean_menu_social_hover_links_color":"","ocean_disable_title":"default","ocean_disable_heading":"default","ocean_post_title":"","ocean_post_subheading":"","ocean_post_title_style":"","ocean_post_title_background_color":"","ocean_post_title_background":0,"ocean_post_title_bg_image_position":"","ocean_post_title_bg_image_attachment":"","ocean_post_title_bg_image_repeat":"","ocean_post_title_bg_image_size":"","ocean_post_title_height":0,"ocean_post_title_bg_overlay":0.5,"ocean_post_title_bg_overlay_color":"","ocean_disable_breadcrumbs":"default","ocean_breadcrumbs_color":"","ocean_breadcrumbs_separator_color":"","ocean_breadcrumbs_links_color":"","ocean_breadcrumbs_links_hover_color":"","ocean_display_footer_widgets":"default","ocean_display_footer_bottom":"default","ocean_custom_footer_template":"","footnotes":""},"class_list":["post-274","page","type-page","status-publish","hentry","entry"],"_links":{"self":[{"href":"https:\/\/feuerschutztueren.com\/index.php?rest_route=\/wp\/v2\/pages\/274","targetHints":{"allow":["GET"]}}],"collection":[{"href":"https:\/\/feuerschutztueren.com\/index.php?rest_route=\/wp\/v2\/pages"}],"about":[{"href":"https:\/\/feuerschutztueren.com\/index.php?rest_route=\/wp\/v2\/types\/page"}],"author":[{"embeddable":true,"href":"https:\/\/feuerschutztueren.com\/index.php?rest_route=\/wp\/v2\/users\/1"}],"replies":[{"embeddable":true,"href":"https:\/\/feuerschutztueren.com\/index.php?rest_route=%2Fwp%2Fv2%2Fcomments&post=274"}],"version-history":[{"count":371,"href":"https:\/\/feuerschutztueren.com\/index.php?rest_route=\/wp\/v2\/pages\/274\/revisions"}],"predecessor-version":[{"id":1368,"href":"https:\/\/feuerschutztueren.com\/index.php?rest_route=\/wp\/v2\/pages\/274\/revisions\/1368"}],"wp:attachment":[{"href":"https:\/\/feuerschutztueren.com\/index.php?rest_route=%2Fwp%2Fv2%2Fmedia&parent=274"}],"curies":[{"name":"wp","href":"https:\/\/api.w.org\/{rel}","templated":true}]}}